{"id":1442,"date":"2022-11-14T14:52:21","date_gmt":"2022-11-14T13:52:21","guid":{"rendered":"https:\/\/abclap.webd.pro\/serwislaptopow\/?page_id=1442"},"modified":"2023-02-17T11:19:33","modified_gmt":"2023-02-17T10:19:33","slug":"serwis-playstation-5","status":"publish","type":"page","link":"https:\/\/abclap.pl\/serwislaptopow\/serwis-playstation-5\/","title":{"rendered":"Serwis Playstation 5"},"content":{"rendered":"\n<h2 class=\"wp-block-heading\">Naprawa konsoli PS5<\/h2>\n\n\n\n<p class=\"has-black-color has-text-color\">Zapewniamy pogwarancyjny serwis konsol najnowszej generacji <strong>Sony Playstation 5<\/strong>. Us\u0142ugi jakie wykonujemy s\u0105 przeprowadzone w spos\u00f3b rzetelny i profesjonalny, dodatkowo na napraw\u0119 otrzymasz a\u017c <strong>12 miesi\u0119cy gwarancji!<\/strong><\/p>\n\n\n\n<p><strong>Naprawy w konsoli Playstation 5 jakie m.in wykonujemy to:<\/strong><\/p>\n\n\n\n<p><\/p>\n\n\n<div class=\"su-accordion su-u-trim\"><div class=\"su-spoiler su-spoiler-style-default su-spoiler-icon-plus su-spoiler-closed\" data-scroll-offset=\"0\" data-anchor-in-url=\"no\"><div class=\"su-spoiler-title\" tabindex=\"0\" role=\"button\"><span class=\"su-spoiler-icon\"><\/span>Konserwacja, czyszczenie konsoli PS5<\/div><div class=\"su-spoiler-content su-u-clearfix su-u-trim\">Wykonujemy kompleksowe SPA konsoli Playstation 5. Je\u015bli twoja konsola g\u0142o\u015bno chodzi, przegrzewa si\u0119 lub podejrzewasz, \u017ce jest zakurzona, przyjd\u017a do Nas. Us\u0142uga obejmuje czyszczenie wn\u0119trza obudowy,  czyszczenie wentylatora oraz na\u0142o\u017cenie nowej pasty termo-przewodz\u0105cej ( <b>stosujemy najlepsz\u0105 na rynku past\u0119 Thermal Grizzly Kryonaut<\/b> )<\/div><\/div>\n<div class=\"su-spoiler su-spoiler-style-default su-spoiler-icon-plus su-spoiler-closed\" data-scroll-offset=\"0\" data-anchor-in-url=\"no\"><div class=\"su-spoiler-title\" tabindex=\"0\" role=\"button\"><span class=\"su-spoiler-icon\"><\/span>Brak obrazu<\/div><div class=\"su-spoiler-content su-u-clearfix su-u-trim\">Przyczyn braku obrazu w konsoli Playstation 5 mo\u017ce by\u0107 wiele, jednak najcz\u0119\u015bciej dochodzi do uszkodzenia mechanicznego portu HDMI. Po wymianie konsola mo\u017ce zn\u00f3w dzia\u0142a\u0107 bez najmniejszych problem\u00f3w.<\/div><\/div>\n<div class=\"su-spoiler su-spoiler-style-default su-spoiler-icon-plus su-spoiler-closed\" data-scroll-offset=\"0\" data-anchor-in-url=\"no\"><div class=\"su-spoiler-title\" tabindex=\"0\" role=\"button\"><span class=\"su-spoiler-icon\"><\/span>Konsola nie uruchamia si\u0119, wydaje d\u017awi\u0119ki<\/div><div class=\"su-spoiler-content su-u-clearfix su-u-trim\">Brak mo\u017cliwo\u015bci uruchomienia konsoli PS5 mo\u017ce by\u0107 spowodowany awari\u0105 samego zasilacza, uszkodzeniem p\u0142yty g\u0142\u00f3wnej lub samego oprogramowania firmware. Je\u015bli Twoja konsola nie chce si\u0119 uruchomi\u0107 lub uruchamia si\u0119 i wydaje dziwne d\u017awi\u0119ki, zapraszamy do naszego serwisu. Przywr\u00f3cimy konsol\u0119 do pe\u0142nej sprawno\u015bci. <\/div><\/div>\n<div class=\"su-spoiler su-spoiler-style-default su-spoiler-icon-plus su-spoiler-closed\" data-scroll-offset=\"0\" data-anchor-in-url=\"no\"><div class=\"su-spoiler-title\" tabindex=\"0\" role=\"button\"><span class=\"su-spoiler-icon\"><\/span>Nie czyta lub nie mo\u017cna wysun\u0105\u0107 p\u0142yty<\/div><div class=\"su-spoiler-content su-u-clearfix su-u-trim\">P\u0142yta nie chce si\u0119 wysun\u0105\u0107? Nie czyta p\u0142yty z ulubion\u0105 gr\u0105? \u017caden problem, dokonamy wymiany lasera w nap\u0119dzie w konsoli Playstation 5 i od tej pory wszystkie gry b\u0119d\u0105 si\u0119 wczytywa\u0107 bezb\u0142\u0119dnie.  <\/div><\/div>\n<\/div>\n\n\n<div class=\"wp-block-image is-style-default\">\n<figure class=\"aligncenter size-large is-resized\"><img loading=\"lazy\" decoding=\"async\" src=\"https:\/\/abclap.webd.pro\/serwislaptopow\/wp-content\/uploads\/2022\/11\/IMG_3343-1024x768.jpg\" alt=\"\" class=\"wp-image-1467\" width=\"1024\" height=\"768\" srcset=\"https:\/\/abclap.pl\/serwislaptopow\/wp-content\/uploads\/2022\/11\/IMG_3343-1024x768.jpg 1024w, https:\/\/abclap.pl\/serwislaptopow\/wp-content\/uploads\/2022\/11\/IMG_3343-scaled-600x450.jpg 600w, https:\/\/abclap.pl\/serwislaptopow\/wp-content\/uploads\/2022\/11\/IMG_3343-300x225.jpg 300w, https:\/\/abclap.pl\/serwislaptopow\/wp-content\/uploads\/2022\/11\/IMG_3343-768x576.jpg 768w, https:\/\/abclap.pl\/serwislaptopow\/wp-content\/uploads\/2022\/11\/IMG_3343-1536x1152.jpg 1536w, https:\/\/abclap.pl\/serwislaptopow\/wp-content\/uploads\/2022\/11\/IMG_3343-2048x1536.jpg 2048w\" sizes=\"auto, (max-width: 1024px) 100vw, 1024px\" \/><\/figure>\n<\/div>\n\n\n<p><\/p>\n\n\n\n<figure class=\"wp-block-image size-large is-resized\"><img loading=\"lazy\" decoding=\"async\" src=\"https:\/\/abclap.webd.pro\/serwislaptopow\/wp-content\/uploads\/2022\/11\/IMG_3336-1024x768.jpg\" alt=\"\" class=\"wp-image-1471\" width=\"1024\" height=\"768\" srcset=\"https:\/\/abclap.pl\/serwislaptopow\/wp-content\/uploads\/2022\/11\/IMG_3336-1024x768.jpg 1024w, https:\/\/abclap.pl\/serwislaptopow\/wp-content\/uploads\/2022\/11\/IMG_3336-scaled-600x450.jpg 600w, https:\/\/abclap.pl\/serwislaptopow\/wp-content\/uploads\/2022\/11\/IMG_3336-300x225.jpg 300w, https:\/\/abclap.pl\/serwislaptopow\/wp-content\/uploads\/2022\/11\/IMG_3336-768x576.jpg 768w, https:\/\/abclap.pl\/serwislaptopow\/wp-content\/uploads\/2022\/11\/IMG_3336-1536x1152.jpg 1536w, https:\/\/abclap.pl\/serwislaptopow\/wp-content\/uploads\/2022\/11\/IMG_3336-2048x1536.jpg 2048w\" sizes=\"auto, (max-width: 1024px) 100vw, 1024px\" \/><\/figure>\n","protected":false},"excerpt":{"rendered":"<p>Naprawa konsoli PS5 Zapewniamy pogwarancyjny serwis konsol najnowszej generacji Sony Playstation 5. Us\u0142ugi jakie wykonujemy s\u0105 przeprowadzone w spos\u00f3b rzetelny i profesjonalny, dodatkowo na napraw\u0119 otrzymasz a\u017c 12 miesi\u0119cy gwarancji! Naprawy w konsoli Playstation 5 jakie m.in wykonujemy to:<\/p>\n","protected":false},"author":1,"featured_media":0,"parent":0,"menu_order":0,"comment_status":"closed","ping_status":"closed","template":"templates\/page-with-sidebar.php","meta":{"ngg_post_thumbnail":0,"footnotes":""},"class_list":["post-1442","page","type-page","status-publish","hentry"],"rttpg_featured_image_url":null,"rttpg_author":{"display_name":"Krzysztof vel Kadulski","author_link":"https:\/\/abclap.pl\/serwislaptopow\/author\/abclap\/"},"rttpg_comment":0,"rttpg_category":null,"rttpg_excerpt":"Naprawa konsoli PS5 Zapewniamy pogwarancyjny serwis konsol najnowszej generacji Sony Playstation 5. Us\u0142ugi jakie wykonujemy s\u0105 przeprowadzone w spos\u00f3b rzetelny i profesjonalny, dodatkowo na napraw\u0119 otrzymasz a\u017c 12 miesi\u0119cy gwarancji! Naprawy w konsoli Playstation 5 jakie m.in wykonujemy to:","_links":{"self":[{"href":"https:\/\/abclap.pl\/serwislaptopow\/wp-json\/wp\/v2\/pages\/1442","targetHints":{"allow":["GET"]}}],"collection":[{"href":"https:\/\/abclap.pl\/serwislaptopow\/wp-json\/wp\/v2\/pages"}],"about":[{"href":"https:\/\/abclap.pl\/serwislaptopow\/wp-json\/wp\/v2\/types\/page"}],"author":[{"embeddable":true,"href":"https:\/\/abclap.pl\/serwislaptopow\/wp-json\/wp\/v2\/users\/1"}],"replies":[{"embeddable":true,"href":"https:\/\/abclap.pl\/serwislaptopow\/wp-json\/wp\/v2\/comments?post=1442"}],"version-history":[{"count":16,"href":"https:\/\/abclap.pl\/serwislaptopow\/wp-json\/wp\/v2\/pages\/1442\/revisions"}],"predecessor-version":[{"id":1474,"href":"https:\/\/abclap.pl\/serwislaptopow\/wp-json\/wp\/v2\/pages\/1442\/revisions\/1474"}],"wp:attachment":[{"href":"https:\/\/abclap.pl\/serwislaptopow\/wp-json\/wp\/v2\/media?parent=1442"}],"curies":[{"name":"wp","href":"https:\/\/api.w.org\/{rel}","templated":true}]}}