{"id":416,"date":"2021-07-31T17:11:45","date_gmt":"2021-07-31T15:11:45","guid":{"rendered":"https:\/\/abclap.webd.pro\/serwislaptopow\/?page_id=416"},"modified":"2023-02-17T11:21:18","modified_gmt":"2023-02-17T10:21:18","slug":"wymiana-klawiatury","status":"publish","type":"page","link":"https:\/\/abclap.pl\/serwislaptopow\/wymiana-klawiatury\/","title":{"rendered":"Wymiana klawiatury"},"content":{"rendered":"\n<div class=\"wp-block-buttons is-layout-flex wp-block-buttons-is-layout-flex\"><\/div>\n\n\n<div class=\"su-service\"><div class=\"su-service-title\" style=\"padding-left:46px;min-height:32px;line-height:32px\"><i class=\"sui sui-gear\" style=\"font-size:32px;color:#ed003f\"><\/i> Szczeg\u00f3\u0142y:<\/div><div class=\"su-service-content su-u-clearfix su-u-trim\" style=\"padding-left:46px\">Klawiatura w laptopie z up\u0142ywem czasu zu\u017cywa si\u0119, wycieraj\u0105 si\u0119 klawisze, odpadaj\u0105 zaczepy, jednak przyczyn uszkodzenia mo\u017ce by\u0107 wiele. Najpopularniejsz\u0105 przyczyn\u0105 niedzia\u0142aj\u0105cej klawiatury jest oczywi\u015bcie zalanie, zu\u017cycie si\u0119 podzespo\u0142u lub np. przepi\u0119cie. Wymiana klawiatury jest dosy\u0107 prost\u0105 napraw\u0105. Sytuacja jednak komplikuje si\u0119, gdy klawiatura jest integraln\u0105 cz\u0119\u015bci\u0105 palmrestu i touchpada. W takiej sytuacji wymian\u0119 nale\u017cy pozostawi\u0107 profesjonalistom.<\/div><\/div>\n\n\n<div class=\"su-service\"><div class=\"su-service-title\" style=\"padding-left:46px;min-height:32px;line-height:32px\"><i class=\"sui sui-laptop\" style=\"font-size:32px;color:#ed003f\"><\/i> Objawy:<\/div><div class=\"su-service-content su-u-clearfix su-u-trim\" style=\"padding-left:46px\">\n&#8211; Nie dzia\u0142a klawiatura<br \/>\n&#8211; Nie dzia\u0142aj\u0105 poszczeg\u00f3lne klawisze<br \/>\n&#8211; Klawiatura sama pisze<br \/>\n&#8211; Wyrwane zaczepy<br \/>\n&#8211; Zalana klawiatura<\/div><\/div>\n\n\n<div class=\"su-service\"><div class=\"su-service-title\" style=\"padding-left:46px;min-height:32px;line-height:32px\"><i class=\"sui sui-credit-card\" style=\"font-size:32px;color:#ed003f\"><\/i> Cena us\u0142ugi:<\/div><div class=\"su-service-content su-u-clearfix su-u-trim\" style=\"padding-left:46px\">\n50-150z\u0142 + koszt cz\u0119\u015bci <\/div><\/div>\n\n\n<div class=\"su-service\"><div class=\"su-service-title\" style=\"padding-left:46px;min-height:32px;line-height:32px\"><i class=\"sui sui-bookmark\" style=\"font-size:32px;color:#ed003f\"><\/i> Gwarancja:<\/div><div class=\"su-service-content su-u-clearfix su-u-trim\" style=\"padding-left:46px\">\n12 miesi\u0119cy na podzesp\u00f3\u0142 <\/div><\/div>\n\n\n<div class=\"su-service\"><div class=\"su-service-title\" style=\"padding-left:46px;min-height:32px;line-height:32px\"><i class=\"sui sui-clock-o\" style=\"font-size:32px;color:#ed003f\"><\/i> Czas realizacji:<\/div><div class=\"su-service-content su-u-clearfix su-u-trim\" style=\"padding-left:46px\">\n1-3 dni roboczych. <\/div><\/div>\n\n\n\n<div class=\"wp-block-buttons is-layout-flex wp-block-buttons-is-layout-flex\"><\/div>\n","protected":false},"excerpt":{"rendered":"Szczeg\u00f3\u0142y:Klawiatura w laptopie z up\u0142ywem czasu zu\u017cywa si\u0119, wycieraj\u0105 si\u0119 klawisze, odpadaj\u0105 zaczepy, jednak przyczyn uszkodzenia mo\u017ce by\u0107 wiele. Najpopularniejsz\u0105 przyczyn\u0105 niedzia\u0142aj\u0105cej klawiatury jest oczywi\u015bcie zalanie, zu\u017cycie si\u0119 podzespo\u0142u lub np. przepi\u0119cie. Wymiana klawiatury jest dosy\u0107 prost\u0105 napraw\u0105. Sytuacja jednak komplikuje si\u0119, gdy klawiatura jest integraln\u0105 cz\u0119\u015bci\u0105 palmrestu i touchpada. W takiej sytuacji wymian\u0119 nale\u017cy [...]","protected":false},"author":1,"featured_media":0,"parent":0,"menu_order":0,"comment_status":"closed","ping_status":"closed","template":"templates\/page-with-sidebar.php","meta":{"ngg_post_thumbnail":0,"footnotes":""},"class_list":["post-416","page","type-page","status-publish","hentry"],"rttpg_featured_image_url":null,"rttpg_author":{"display_name":"Krzysztof vel Kadulski","author_link":"https:\/\/abclap.pl\/serwislaptopow\/author\/abclap\/"},"rttpg_comment":0,"rttpg_category":null,"rttpg_excerpt":null,"_links":{"self":[{"href":"https:\/\/abclap.pl\/serwislaptopow\/wp-json\/wp\/v2\/pages\/416","targetHints":{"allow":["GET"]}}],"collection":[{"href":"https:\/\/abclap.pl\/serwislaptopow\/wp-json\/wp\/v2\/pages"}],"about":[{"href":"https:\/\/abclap.pl\/serwislaptopow\/wp-json\/wp\/v2\/types\/page"}],"author":[{"embeddable":true,"href":"https:\/\/abclap.pl\/serwislaptopow\/wp-json\/wp\/v2\/users\/1"}],"replies":[{"embeddable":true,"href":"https:\/\/abclap.pl\/serwislaptopow\/wp-json\/wp\/v2\/comments?post=416"}],"version-history":[{"count":2,"href":"https:\/\/abclap.pl\/serwislaptopow\/wp-json\/wp\/v2\/pages\/416\/revisions"}],"predecessor-version":[{"id":418,"href":"https:\/\/abclap.pl\/serwislaptopow\/wp-json\/wp\/v2\/pages\/416\/revisions\/418"}],"wp:attachment":[{"href":"https:\/\/abclap.pl\/serwislaptopow\/wp-json\/wp\/v2\/media?parent=416"}],"curies":[{"name":"wp","href":"https:\/\/api.w.org\/{rel}","templated":true}]}}