{"id":607,"date":"2021-09-22T18:08:07","date_gmt":"2021-09-22T16:08:07","guid":{"rendered":"https:\/\/abclap.webd.pro\/serwislaptopow\/?page_id=607"},"modified":"2023-02-17T11:13:53","modified_gmt":"2023-02-17T10:13:53","slug":"naprawa-plyt-glownych-laptopow","status":"publish","type":"page","link":"https:\/\/abclap.pl\/serwislaptopow\/naprawa-plyt-glownych-laptopow\/","title":{"rendered":"Naprawa p\u0142yt g\u0142\u00f3wnych laptop\u00f3w"},"content":{"rendered":"\n<div class=\"wp-block-buttons is-layout-flex wp-block-buttons-is-layout-flex\"><\/div>\n\n\n<div class=\"su-service\"><div class=\"su-service-title\" style=\"padding-left:46px;min-height:32px;line-height:32px\"><i class=\"sui sui-gear\" style=\"font-size:32px;color:#ed003f\"><\/i> Szczeg\u00f3\u0142y:<\/div><div class=\"su-service-content su-u-clearfix su-u-trim\" style=\"padding-left:46px\">P\u0142yta g\u0142\u00f3wna w laptopie to inaczej p\u0142yta PCB ( obw\u00f3d drukowany) na kt\u00f3rym s\u0105 zamontowane najwa\u017cniejsze elementy wymagane do uruchomienia laptopa. Znale\u017a\u0107 mo\u017cemy na niej procesor, kart\u0119 graficzn\u0105, kontrolery, gniazda i mas\u0119 element\u00f3w elektronicznych. Zlokalizowanie uszkodzonego elementu wymaga ogromnej wiedzy, do\u015bwiadczenia i sprz\u0119tu. Jednak wielokrotnie naprawa jest bardziej op\u0142acalna ni\u017c zakup nowej p\u0142yty g\u0142\u00f3wnej, kt\u00f3ra najcz\u0119\u015bciej stanowi 2\/3 warto\u015bci samego sprz\u0119tu. Je\u015bli tw\u00f3j laptop uleg\u0142 uszkodzeniu lub inny serwis nie by\u0142 wstanie go naprawi\u0107 to zapraszamy do nas.<\/div><\/div>\n\n\n<div class=\"su-service\"><div class=\"su-service-title\" style=\"padding-left:46px;min-height:32px;line-height:32px\"><i class=\"sui sui-laptop\" style=\"font-size:32px;color:#ed003f\"><\/i> Objawy:<\/div><div class=\"su-service-content su-u-clearfix su-u-trim\" style=\"padding-left:46px\">\n&#8211; Laptop nie uruchamia si\u0119<br \/>\n&#8211; Notebook wy\u0142\u0105cza si\u0119<br \/>\n&#8211; Brak obrazu na matrycy<br \/>\n&#8211; Laptop nie \u0142aduje baterii<br \/>\n&#8211; Artefakty na matrycy LCD<\/div><\/div>\n\n\n<div class=\"su-service\"><div class=\"su-service-title\" style=\"padding-left:46px;min-height:32px;line-height:32px\"><i class=\"sui sui-credit-card\" style=\"font-size:32px;color:#ed003f\"><\/i> Cena us\u0142ugi:<\/div><div class=\"su-service-content su-u-clearfix su-u-trim\" style=\"padding-left:46px\">\nod 150z\u0142 + koszt cz\u0119\u015bci <\/div><\/div>\n\n\n<div class=\"su-service\"><div class=\"su-service-title\" style=\"padding-left:46px;min-height:32px;line-height:32px\"><i class=\"sui sui-bookmark\" style=\"font-size:32px;color:#ed003f\"><\/i> Gwarancja:<\/div><div class=\"su-service-content su-u-clearfix su-u-trim\" style=\"padding-left:46px\">\n3- 12 miesi\u0119cy na podzesp\u00f3\u0142 <\/div><\/div>\n\n\n<div class=\"su-service\"><div class=\"su-service-title\" style=\"padding-left:46px;min-height:32px;line-height:32px\"><i class=\"sui sui-clock-o\" style=\"font-size:32px;color:#ed003f\"><\/i> Czas realizacji:<\/div><div class=\"su-service-content su-u-clearfix su-u-trim\" style=\"padding-left:46px\">\n2-7 dni roboczych. <\/div><\/div>\n\n\n\n<div class=\"wp-block-buttons is-layout-flex wp-block-buttons-is-layout-flex\"><\/div>\n","protected":false},"excerpt":{"rendered":"Szczeg\u00f3\u0142y:P\u0142yta g\u0142\u00f3wna w laptopie to inaczej p\u0142yta PCB ( obw\u00f3d drukowany) na kt\u00f3rym s\u0105 zamontowane najwa\u017cniejsze elementy wymagane do uruchomienia laptopa. Znale\u017a\u0107 mo\u017cemy na niej procesor, kart\u0119 graficzn\u0105, kontrolery, gniazda i mas\u0119 element\u00f3w elektronicznych. Zlokalizowanie uszkodzonego elementu wymaga ogromnej wiedzy, do\u015bwiadczenia i sprz\u0119tu. Jednak wielokrotnie naprawa jest bardziej op\u0142acalna ni\u017c zakup nowej p\u0142yty g\u0142\u00f3wnej, kt\u00f3ra [...]","protected":false},"author":1,"featured_media":0,"parent":0,"menu_order":0,"comment_status":"closed","ping_status":"closed","template":"templates\/page-with-sidebar.php","meta":{"ngg_post_thumbnail":0,"footnotes":""},"class_list":["post-607","page","type-page","status-publish","hentry"],"rttpg_featured_image_url":null,"rttpg_author":{"display_name":"Krzysztof vel Kadulski","author_link":"https:\/\/abclap.pl\/serwislaptopow\/author\/abclap\/"},"rttpg_comment":0,"rttpg_category":null,"rttpg_excerpt":null,"_links":{"self":[{"href":"https:\/\/abclap.pl\/serwislaptopow\/wp-json\/wp\/v2\/pages\/607","targetHints":{"allow":["GET"]}}],"collection":[{"href":"https:\/\/abclap.pl\/serwislaptopow\/wp-json\/wp\/v2\/pages"}],"about":[{"href":"https:\/\/abclap.pl\/serwislaptopow\/wp-json\/wp\/v2\/types\/page"}],"author":[{"embeddable":true,"href":"https:\/\/abclap.pl\/serwislaptopow\/wp-json\/wp\/v2\/users\/1"}],"replies":[{"embeddable":true,"href":"https:\/\/abclap.pl\/serwislaptopow\/wp-json\/wp\/v2\/comments?post=607"}],"version-history":[{"count":5,"href":"https:\/\/abclap.pl\/serwislaptopow\/wp-json\/wp\/v2\/pages\/607\/revisions"}],"predecessor-version":[{"id":612,"href":"https:\/\/abclap.pl\/serwislaptopow\/wp-json\/wp\/v2\/pages\/607\/revisions\/612"}],"wp:attachment":[{"href":"https:\/\/abclap.pl\/serwislaptopow\/wp-json\/wp\/v2\/media?parent=607"}],"curies":[{"name":"wp","href":"https:\/\/api.w.org\/{rel}","templated":true}]}}