{"id":781,"date":"2021-10-02T11:30:53","date_gmt":"2021-10-02T09:30:53","guid":{"rendered":"https:\/\/abclap.webd.pro\/serwislaptopow\/?page_id=781"},"modified":"2023-02-17T11:16:03","modified_gmt":"2023-02-17T10:16:03","slug":"programowanie-biosu-w-laptopie","status":"publish","type":"page","link":"https:\/\/abclap.pl\/serwislaptopow\/programowanie-biosu-w-laptopie\/","title":{"rendered":"Programowanie biosu w laptopie"},"content":{"rendered":"\n<h2 class=\"wp-block-heading\">Uszkodzony bios w laptopie, uszkodzenie po nieudanej aktualizacji, programowanie biosu w programatorze.<\/h2>\n\n\n\n<p>Jak wiadomo, do poprawnego uruchomienia urz\u0105dzenia wymagane jest oprogramowanie, program ten musi w sobie zawiera\u0107 podstawowe sterowniki umo\u017cliwiaj\u0105ce poprawn\u0105 prac\u0119 pod\u0142\u0105czonych do p\u0142yty g\u0142\u00f3wnej podzespo\u0142\u00f3w. Tym programem jest w\u0142a\u015bnie system <strong>BIOS (Basic Input-Output System &#8211; podstawowy system wej\u015bcia-wyj\u015bcia)<\/strong>. Jednak praca systemu BIOS tutaj si\u0119 nie ko\u0144czy, poniewa\u017c wraz ze startem p\u0142yty g\u0142\u00f3wnej uruchamiana jest  procedura POST ( czyli <strong>Power On Self Test<\/strong>). Jest to procedura umo\u017cliwiaj\u0105ca podczas startu p\u0142yty g\u0142\u00f3wnej testowanie magistral oraz urz\u0105dze\u0144 do niej pod\u0142\u0105czonych m.in procesor, pami\u0119\u0107 operacyjna, dysk twardy itd. Zawarto\u015b\u0107 programowa samego biosu jest obszerna, znajdziemy r\u00f3wnie\u017c w niej podstawow\u0105 identyfikacj\u0119 urz\u0105dzenia m.in model, numer seryjny laptopa, numer seryjny p\u0142yty g\u0142\u00f3wnej jak i klucz licencyjny oprogramowania Windows. <\/p>\n\n\n<div class=\"wp-block-image\">\n<figure class=\"alignleft is-resized\"><img loading=\"lazy\" decoding=\"async\" src=\"https:\/\/abclap.webd.pro\/serwislaptopow\/wp-content\/uploads\/2021\/10\/7TDdBTwRyWYyYJm2oPjGXk-1200-80.jpg\" alt=\"\" class=\"wp-image-784\" width=\"303\" height=\"202\" srcset=\"https:\/\/abclap.pl\/serwislaptopow\/wp-content\/uploads\/2021\/10\/7TDdBTwRyWYyYJm2oPjGXk-1200-80.jpg 1000w, https:\/\/abclap.pl\/serwislaptopow\/wp-content\/uploads\/2021\/10\/7TDdBTwRyWYyYJm2oPjGXk-1200-80-600x400.jpg 600w, https:\/\/abclap.pl\/serwislaptopow\/wp-content\/uploads\/2021\/10\/7TDdBTwRyWYyYJm2oPjGXk-1200-80-300x200.jpg 300w, https:\/\/abclap.pl\/serwislaptopow\/wp-content\/uploads\/2021\/10\/7TDdBTwRyWYyYJm2oPjGXk-1200-80-768x512.jpg 768w\" sizes=\"auto, (max-width: 303px) 100vw, 303px\" \/><\/figure>\n<\/div>\n\n\n<p><\/p>\n\n\n\n<p>Uszkodzony system bios objawia si\u0119 najcz\u0119\u015bciej brakiem mo\u017cliwo\u015bci uruchomienia samego laptopa lub brakiem obrazu na matrycy. Jest to zrozumia\u0142e, poniewa\u017c p\u0142yta g\u0142\u00f3wna nie otrzymuje wystarczaj\u0105cych instrukcji jak ma poprawnie dzia\u0142a\u0107.  <\/p>\n\n\n\n<h2 class=\"wp-block-heading\">Dlaczego BIOS zosta\u0142 uszkodzony?<\/h2>\n\n\n\n<p>Najcz\u0119\u015bciej do uszkodzenia biosu dochodzi w wyniku nieudanej aktualizacji  ( np. przerwaniem procedury aktualizowania &#8211; wy\u0142\u0105czeniem laptopa) lub wgrania jego niew\u0142a\u015bciwej wersji przeznaczonej do innej rewizji p\u0142yty g\u0142\u00f3wnej. S\u0105 jednak przypadki, gdzie zawarto\u015b\u0107 programowa biosu ulega uszkodzeniu sama w sobie i dotyczy coraz cz\u0119\u015bciej nowszych konstrukcji laptop\u00f3w. <\/p>\n\n\n\n<h2 class=\"wp-block-heading\">Jakie s\u0105 objawy uszkodzenia BIOS-u?<\/h2>\n\n\n\n<ul class=\"wp-block-list\">\n<li>Brak mo\u017cliwo\u015bci uruchomienia laptopa, nie reaguje na w\u0142\u0105cznik<\/li>\n\n\n\n<li>Laptop uruchamia si\u0119, lecz nic nie wy\u015bwietla si\u0119 na ekranie matrycy<\/li>\n\n\n\n<li>Laptop wy\u0142\u0105cza si\u0119 po kilkunastu minutach pracy<\/li>\n\n\n\n<li>Po uruchomieniu laptop zatrzymuje si\u0119 na LOGO producenta<\/li>\n\n\n\n<li>Laptop wydaje specyficzne d\u017awi\u0119ki podczas uruchomienia lub migaj\u0105 diody diagnostyczne. <\/li>\n<\/ul>\n\n\n\n<h2 class=\"wp-block-heading\">Programowanie BIOS-u w programatorze<\/h2>\n\n\n\n<p>Aby przyst\u0105pi\u0107 do programowania biosu, przede wszystkim nale\u017cy dosta\u0107 si\u0119 do ko\u015bci FLASH, niejednokrotnie wi\u0105\u017ce si\u0119 to z kompletnym rozebraniem sprz\u0119tu i wyj\u0119ciem p\u0142yty g\u0142\u00f3wnej. W p\u00f3\u017aniejszym czasie, ko\u015b\u0107 jest wylutowywana z p\u0142yty i umieszczana w zewn\u0119trznym programatorze. Nast\u0119pnie nast\u0119puje programowanie biosu w\u0142a\u015bciwym wsadem programowym. Ostatni etap to z\u0142o\u017cenie sprz\u0119tu i test wykonanej naprawy. <\/p>\n\n\n\n<figure class=\"wp-block-embed is-type-video is-provider-youtube wp-block-embed-youtube wp-embed-aspect-16-9 wp-has-aspect-ratio\"><div class=\"wp-block-embed__wrapper\">\n<iframe loading=\"lazy\" title=\"Programowanie BIOS w Laptopie Programator RT809F Programmer spi Flash BIOS - DIP8 208MIL\" width=\"1170\" height=\"658\" src=\"https:\/\/www.youtube.com\/embed\/zACFt5htmHw?feature=oembed\" frameborder=\"0\" allow=\"accelerometer; autoplay; clipboard-write; encrypted-media; gyroscope; picture-in-picture; web-share\" allowfullscreen><\/iframe>\n<\/div><\/figure>\n\n\n\nngg_shortcode_0_placeholder\n\n\n\n<p class=\"has-vivid-cyan-blue-color has-text-color\">Nasz serwis \u015bwiadczy kompleksowe us\u0142ugi serwisowe, r\u00f3wnie\u017c w tym <a href=\"https:\/\/abclap.webd.pro\/serwislaptopow\/programowanie-bios-u-w-laptopie-pc\/\"><strong>programowanie bios w laptopie<\/strong><\/a>. <br>Przyjd\u017a do Nas! Naprawimy to w przyst\u0119pnej cenie i udzielimy gwarancji na us\u0142ug\u0119. <\/p>\n\n\n\n<p class=\"has-vivid-cyan-blue-color has-text-color\">Zapraszamy do naszego<strong> serwisu laptop\u00f3w w Krakowie<\/strong> lub <a href=\"https:\/\/naprawiam.online\/panel\/bvfykd\/login\"><strong>zle\u0107 napraw\u0119 online<\/strong><\/a>.<\/p>\n","protected":false},"excerpt":{"rendered":"<p>Uszkodzony bios w laptopie, uszkodzenie po nieudanej aktualizacji, programowanie biosu w programatorze. Jak wiadomo, do poprawnego uruchomienia urz\u0105dzenia wymagane jest oprogramowanie, program ten musi w sobie zawiera\u0107 podstawowe sterowniki umo\u017cliwiaj\u0105ce poprawn\u0105 prac\u0119 pod\u0142\u0105czonych do p\u0142yty g\u0142\u00f3wnej podzespo\u0142\u00f3w. Tym programem jest w\u0142a\u015bnie system BIOS (Basic Input-Output System &#8211; podstawowy system wej\u015bcia-wyj\u015bcia). Jednak praca systemu BIOS tutaj [&hellip;]<\/p>\n","protected":false},"author":1,"featured_media":0,"parent":0,"menu_order":0,"comment_status":"closed","ping_status":"closed","template":"templates\/page-with-sidebar.php","meta":{"ngg_post_thumbnail":0,"footnotes":""},"class_list":["post-781","page","type-page","status-publish","hentry"],"rttpg_featured_image_url":null,"rttpg_author":{"display_name":"Krzysztof vel Kadulski","author_link":"https:\/\/abclap.pl\/serwislaptopow\/author\/abclap\/"},"rttpg_comment":0,"rttpg_category":null,"rttpg_excerpt":"Uszkodzony bios w laptopie, uszkodzenie po nieudanej aktualizacji, programowanie biosu w programatorze. Jak wiadomo, do poprawnego uruchomienia urz\u0105dzenia wymagane jest oprogramowanie, program ten musi w sobie zawiera\u0107 podstawowe sterowniki umo\u017cliwiaj\u0105ce poprawn\u0105 prac\u0119 pod\u0142\u0105czonych do p\u0142yty g\u0142\u00f3wnej podzespo\u0142\u00f3w. Tym programem jest w\u0142a\u015bnie system BIOS (Basic Input-Output System &#8211; podstawowy system wej\u015bcia-wyj\u015bcia). Jednak praca systemu BIOS tutaj&hellip;","_links":{"self":[{"href":"https:\/\/abclap.pl\/serwislaptopow\/wp-json\/wp\/v2\/pages\/781","targetHints":{"allow":["GET"]}}],"collection":[{"href":"https:\/\/abclap.pl\/serwislaptopow\/wp-json\/wp\/v2\/pages"}],"about":[{"href":"https:\/\/abclap.pl\/serwislaptopow\/wp-json\/wp\/v2\/types\/page"}],"author":[{"embeddable":true,"href":"https:\/\/abclap.pl\/serwislaptopow\/wp-json\/wp\/v2\/users\/1"}],"replies":[{"embeddable":true,"href":"https:\/\/abclap.pl\/serwislaptopow\/wp-json\/wp\/v2\/comments?post=781"}],"version-history":[{"count":32,"href":"https:\/\/abclap.pl\/serwislaptopow\/wp-json\/wp\/v2\/pages\/781\/revisions"}],"predecessor-version":[{"id":2654,"href":"https:\/\/abclap.pl\/serwislaptopow\/wp-json\/wp\/v2\/pages\/781\/revisions\/2654"}],"wp:attachment":[{"href":"https:\/\/abclap.pl\/serwislaptopow\/wp-json\/wp\/v2\/media?parent=781"}],"curies":[{"name":"wp","href":"https:\/\/api.w.org\/{rel}","templated":true}]}}