{"id":81,"date":"2021-02-22T20:43:47","date_gmt":"2021-02-22T19:43:47","guid":{"rendered":"https:\/\/abclap.webd.pro\/serwislaptopow\/?page_id=81"},"modified":"2023-02-17T11:19:45","modified_gmt":"2023-02-17T10:19:45","slug":"naprawy-laptopow","status":"publish","type":"page","link":"https:\/\/abclap.pl\/serwislaptopow\/naprawy-laptopow\/","title":{"rendered":"Serwis, naprawa laptop\u00f3w"},"content":{"rendered":"\n<h2 class=\"wp-block-heading\">Naprawa laptop\u00f3w, serwis komputerowy w Krakowie.<\/h2>\n\n\n\n<p>&nbsp;<\/p>\n\n\n\n<p style=\"text-align: justify;\">Wiemy, jak wa\u017cny jest dzi\u015b sprawny komputer przeno\u015bny. Zajmujemy si\u0119 wi\u0119c profesjonaln\u0105 napraw\u0105 laptop\u00f3w wszystkich producent\u00f3w. Przyjmujemy komputery marek m.in. Acer, <a href=\"https:\/\/abclap.webd.pro\/serwislaptopow\/naprawa-laptopow-asus\/\">Asus<\/a>, Dell, HP, Lenovo, HP, MSI, Samsung, Fujitsu Siemens, Sony Vaio, <a href=\"https:\/\/abclap.webd.pro\/serwislaptopow\/naprawa-laptopow-toshiba\/\">Toshiba<\/a>, Apple \/ Mac, Huawei, Xiaomi. Naprawa laptop\u00f3w, to nie tylko nasza praca, ale r\u00f3wnie\u017c pasja. Podejmujemy si\u0119 nawet bardzo skomplikowanych usterek. Naprawa laptop\u00f3w to nasza pasja. Przeprowadzamy szczeg\u00f3\u0142ow\u0105 diagnoz\u0119 sprz\u0119tu, aby serwis przeszed\u0142 bezproblemowo. Laptopy to narz\u0119dzie pracy wielu ludzi, dlatego do ich naprawy podchodzimy z zaanga\u017cowaniem. Sprawnie i kompleksowo rozwi\u0105zujemy ka\u017cdy problem.<\/p>\n\n\n\n<h2 class=\"wp-block-heading\">Profesjonalna naprawa laptop\u00f3w<\/h2>\n\n\n\n<p style=\"text-align: justify;\"><br \/>Posiadamy ponad 11 lat do\u015bwiadczenia i kilkaset pozytywnie przeprowadzonych napraw o r\u00f3\u017cnym poziomie skomplikowania. Laptopy to jedne ze sprz\u0119t\u00f3w, kt\u00f3re obejmuje nasz serwis. Zajmujemy si\u0119 elektronik\u0105 \u2014 wymieniamy podzespo\u0142y, optymalizujemy i instalujemy oprogramowanie. Dysponujemy bogatym zapleczem serwisowym, do\u015bwiadczeniem i dost\u0119pem do ogromnej ilo\u015bci cz\u0119\u015bci zamiennych, dzi\u0119ki czemu mo\u017cemy przyj\u0105\u0107 ka\u017cdy laptop. Naprawa jest finalizowana pisemn\u0105 gwarancj\u0105. Zach\u0119camy do kontaktu w celu om\u00f3wienia szczeg\u00f3\u0142\u00f3w zam\u00f3wienia.<br \/><br \/>\n\n\n\n<\/p>\n<h2 class=\"wp-block-heading\">Naprawa laptop\u00f3w przez specjalist\u00f3w \u2013 sprawdzona us\u0142uga<\/h2>\n<p style=\"text-align: justify;\">\n\n\n\n<\/p>\n<p style=\"text-align: justify;\"><br \/>Konieczno\u015b\u0107 oddania elektroniki do serwisu dla wielu os\u00f3b jest problematyczna, niekt\u00f3rzy obawiaj\u0105 si\u0119 powierzy\u0107 sprz\u0119t serwisom. Naprawa laptop\u00f3w realizowana jest wy\u0142\u0105cznie przez osoby z do\u015bwiadczeniem. Przek\u0142ada si\u0119 to na pe\u0142n\u0105 satysfakcj\u0119 Klienta decyduj\u0105cego si\u0119 przekaza\u0107 sw\u00f3j sprz\u0119t w nasze r\u0119ce. Przyjmujemy zlecenia bez wzgl\u0119du na to, jakiej marki jest laptop. Naprawa odbywa si\u0119 za po\u015brednictwem sprawdzonych narz\u0119dzi, natomiast wymieniane podzespo\u0142y s\u0105 nowe. Dzi\u0119ki temu klienci maj\u0105 gwarancj\u0119, i\u017c sprz\u0119t b\u0119dzie dzia\u0142a\u0142 nienagannie.<\/p>\n<p><strong>Oferowany zakres us\u0142ug:<\/strong><\/p>\n<p style=\"text-align: justify;\">\n\n\n\n<\/p>\n<ul class=\"wp-block-list\">\n<li>Instalacja i optymalizacja oprogramowania Windows\u00a0<\/li>\n<li>Usuwanie wirus\u00f3w, trojan\u00f3w, program\u00f3w szpieguj\u0105cych itp.<\/li>\n<li>Kopiowanie danych \/ Backup<\/li>\n<li>Naprawa \/ programowanie BIOS-u<\/li>\n<li>Naprawa laptop\u00f3w po zalaniu\u00a0<\/li>\n<li>Naprawa p\u0142yt g\u0142\u00f3wnych ( uk\u0142ady zasilania \/ \u0142adowania )<\/li>\n<li>Wymiana podzespo\u0142\u00f3w RAM, HDD, SSD itp.<\/li>\n<li>Czyszczenie i konserwacja uk\u0142adu ch\u0142odzenia\u00a0<\/li>\n<li>Wymiana matryc LCD\/LED<\/li>\n<li>Wymiana uk\u0142ad\u00f3w SMD \/ BGA<\/li>\n<\/ul>\n<p style=\"text-align: justify;\">\n\n\n\n<\/p>\n<p style=\"text-align: justify;\">U nas zap\u0142acisz tylko wtedy, gdy laptop zostanie naprawiony! Nie pobieramy op\u0142at za przyj\u0119cie i oszacowanie koszt\u00f3w zwi\u0105zanych z laptopem i jego napraw\u0105. Zapraszamy na bezp\u0142atn\u0105 diagnoz\u0119 sprz\u0119tu, je\u017celi pojawi\u0142y si\u0119 oznaki jego uszkodzenia. Je\u015bli chodzi o poleasingowe czy konsumenckie laptopy naprawa dostarczonych sprz\u0119t\u00f3w w naszym serwisie r\u00f3wnie\u017c jest mo\u017cliwa. Nie po\u015bredniczymy w naprawach. Wszystkie zlecenia realizowane s\u0105 w naszym warsztacie IT, dzi\u0119ki czemu mo\u017cemy Pa\u0144stwu zaoferowa\u0107 kr\u00f3tsze terminy realizacji (przewa\u017cnie do kilku dni roboczych) oraz konkurencyjne ceny us\u0142ug.<\/p>\n<p style=\"text-align: justify;\">\n\n\n<p><\/p>","protected":false},"excerpt":{"rendered":"<p>Naprawa laptop\u00f3w, serwis komputerowy w Krakowie. &nbsp; Wiemy, jak wa\u017cny jest dzi\u015b sprawny komputer przeno\u015bny. Zajmujemy si\u0119 wi\u0119c profesjonaln\u0105 napraw\u0105 laptop\u00f3w wszystkich producent\u00f3w. Przyjmujemy komputery marek m.in. Acer, Asus, Dell, HP, Lenovo, HP, MSI, Samsung, Fujitsu Siemens, Sony Vaio, Toshiba, Apple \/ Mac, Huawei, Xiaomi. Naprawa laptop\u00f3w, to nie tylko nasza praca, ale r\u00f3wnie\u017c pasja. [&hellip;]<\/p>\n","protected":false},"author":1,"featured_media":0,"parent":0,"menu_order":0,"comment_status":"closed","ping_status":"closed","template":"templates\/page-with-sidebar.php","meta":{"ngg_post_thumbnail":0,"footnotes":""},"class_list":["post-81","page","type-page","status-publish","hentry"],"rttpg_featured_image_url":null,"rttpg_author":{"display_name":"Krzysztof vel Kadulski","author_link":"https:\/\/abclap.pl\/serwislaptopow\/author\/abclap\/"},"rttpg_comment":0,"rttpg_category":null,"rttpg_excerpt":"Naprawa laptop\u00f3w, serwis komputerowy w Krakowie. &nbsp; Wiemy, jak wa\u017cny jest dzi\u015b sprawny komputer przeno\u015bny. Zajmujemy si\u0119 wi\u0119c profesjonaln\u0105 napraw\u0105 laptop\u00f3w wszystkich producent\u00f3w. Przyjmujemy komputery marek m.in. Acer, Asus, Dell, HP, Lenovo, HP, MSI, Samsung, Fujitsu Siemens, Sony Vaio, Toshiba, Apple \/ Mac, Huawei, Xiaomi. Naprawa laptop\u00f3w, to nie tylko nasza praca, ale r\u00f3wnie\u017c pasja.&hellip;","_links":{"self":[{"href":"https:\/\/abclap.pl\/serwislaptopow\/wp-json\/wp\/v2\/pages\/81","targetHints":{"allow":["GET"]}}],"collection":[{"href":"https:\/\/abclap.pl\/serwislaptopow\/wp-json\/wp\/v2\/pages"}],"about":[{"href":"https:\/\/abclap.pl\/serwislaptopow\/wp-json\/wp\/v2\/types\/page"}],"author":[{"embeddable":true,"href":"https:\/\/abclap.pl\/serwislaptopow\/wp-json\/wp\/v2\/users\/1"}],"replies":[{"embeddable":true,"href":"https:\/\/abclap.pl\/serwislaptopow\/wp-json\/wp\/v2\/comments?post=81"}],"version-history":[{"count":21,"href":"https:\/\/abclap.pl\/serwislaptopow\/wp-json\/wp\/v2\/pages\/81\/revisions"}],"predecessor-version":[{"id":2659,"href":"https:\/\/abclap.pl\/serwislaptopow\/wp-json\/wp\/v2\/pages\/81\/revisions\/2659"}],"wp:attachment":[{"href":"https:\/\/abclap.pl\/serwislaptopow\/wp-json\/wp\/v2\/media?parent=81"}],"curies":[{"name":"wp","href":"https:\/\/api.w.org\/{rel}","templated":true}]}}