{"id":847,"date":"2021-10-21T21:08:59","date_gmt":"2021-10-21T19:08:59","guid":{"rendered":"https:\/\/abclap.webd.pro\/serwislaptopow\/?page_id=847"},"modified":"2025-09-30T22:59:56","modified_gmt":"2025-09-30T20:59:56","slug":"naprawa-plyty-glownej-w-laptopie","status":"publish","type":"page","link":"https:\/\/abclap.pl\/serwislaptopow\/naprawa-plyty-glownej-w-laptopie\/","title":{"rendered":"Naprawa p\u0142yty g\u0142\u00f3wnej w laptopie"},"content":{"rendered":"\n<h2 class=\"wp-block-heading\">Naprawa p\u0142yt g\u0142\u00f3wnych w laptopach<\/h2>\n\n\n\n<hr class=\"wp-block-separator has-css-opacity\"\/>\n\n\n<div class=\"wp-block-image\">\n<figure class=\"alignleft size-full is-resized\"><img loading=\"lazy\" decoding=\"async\" width=\"917\" height=\"623\" src=\"https:\/\/abclap.webd.pro\/serwislaptopow\/wp-content\/uploads\/2021\/10\/61nBbbhlvxL.png\" alt=\"\" class=\"wp-image-861\" style=\"width:329px;height:223px\" srcset=\"https:\/\/abclap.pl\/serwislaptopow\/wp-content\/uploads\/2021\/10\/61nBbbhlvxL.png 917w, https:\/\/abclap.pl\/serwislaptopow\/wp-content\/uploads\/2021\/10\/61nBbbhlvxL-600x408.png 600w, https:\/\/abclap.pl\/serwislaptopow\/wp-content\/uploads\/2021\/10\/61nBbbhlvxL-300x204.png 300w, https:\/\/abclap.pl\/serwislaptopow\/wp-content\/uploads\/2021\/10\/61nBbbhlvxL-768x522.png 768w\" sizes=\"auto, (max-width: 917px) 100vw, 917px\" \/><\/figure>\n<\/div>\n\n\n<p>P\u0142yta g\u0142\u00f3wna znajduj\u0105ca si\u0119 w naszym laptopie jest jedn\u0105 z najdro\u017cszych element\u00f3w poza matryc\u0105. Niejednokrotnie koszt nowej p\u0142yty u producenta oscyluje si\u0119 w cenie 2\/3 warto\u015bci samego sprz\u0119tu. Wyobra\u017amy sobie, \u017ce posiadamy najnowszego ThinkPada wartego kilka tysi\u0119cy z\u0142otych lub najnowszego Apple Macbook Air, czy op\u0142aca nam si\u0119 wymieni\u0107 p\u0142yt\u0119 g\u0142\u00f3wn\u0105 w tej cenie, jak mo\u017cna j\u0105 taniej naprawi\u0107? Dotyczy to r\u00f3wnie\u017c laptop\u00f3w ta\u0144szych, poniewa\u017c w ta\u0144szych wersjach, p\u0142yta g\u0142\u00f3wna kosztuje praktycznie tyle, co warto\u015b\u0107 nowego sprz\u0119tu ze sklepu komputerowego a wi\u0119c cena p\u0142yty praktycznie 1:1.<\/p>\n\n\n\n<p>Naprawa p\u0142yty g\u0142\u00f3wnej w laptopie jest mniej kosztowna ni\u017c zakup nowej, dodatkowo du\u017cym plusem jest to, \u017ce po naprawie laptop funkcjonuje tak jak przed powstaniem usterki. Wszystkie dane i programy s\u0105 zachowane, tak jakby si\u0119 nic nie sta\u0142o. <\/p>\n\n\n\nngg_shortcode_0_placeholder\n\n\n\n<p>Je\u015bli laptop si\u0119 nie uruchamia lub zosta\u0142 zalany, zg\u0142o\u015b si\u0119 do nas. W wi\u0119kszo\u015bci przypadk\u00f3w jeste\u015bmy w stanie wskrzesi\u0107 tw\u00f3j sprz\u0119t aby dzia\u0142a\u0142 jeszcze przez wiele lat. <\/p>\n\n\n\n<p>Mamy bardzo du\u017ce do\u015bwiadczenie w serwisowaniu laptop\u00f3w i naprawie p\u0142yt g\u0142\u00f3wnych. Dysponujemy obszern\u0105 baz\u0105 schemat\u00f3w serwisowych i profesjonalnym sprz\u0119tem wymaganym do diagnostyki i naprawy p\u0142yt g\u0142\u00f3wnych w laptopach wszystkich producent\u00f3w. Nie obiecujemy, \u017ce w 100% b\u0119dziemy w stanie p\u0142yt\u0119 naprawi\u0107, poniewa\u017c nie zawsze s\u0105 mo\u017cliwo\u015bci techniczne, niejednokrotnie znajduj\u0105ce si\u0119 uk\u0142ady na p\u0142ycie g\u0142\u00f3wnej s\u0105 programowane i szyfrowane ( dotyczy nowszych sprz\u0119t\u00f3w ), producenci coraz bardziej utrudniaj\u0105 prac\u0119 serwisom pogwarancyjnym, jednak zrobimy wszystko, aby naprawa by\u0142a dla Ciebie jak najbardziej op\u0142acalna i je\u015bli tylko b\u0119dzie mo\u017cliwo\u015b\u0107, naprawimy Tw\u00f3j sprz\u0119t profesjonalnie, rzetelnie i z pisemn\u0105 gwarancj\u0105.<\/p>\n\n\n\n<p>Oferujemy wymian\u0119 uszkodzonych element\u00f3w jak np. gniazdo zasilania, z\u0142\u0105cze USB, HDMI, VGA, naprawd\u0119 uk\u0142adu zasilania, napraw\u0119 uk\u0142adu \u0142adowania w laptopie, wymian\u0119 uszkodzonych uk\u0142ad\u00f3w BGA czy SMD ko\u0144cz\u0105c na programowaniu lub wymianie ko\u015bci biosu SPI FLASH. <\/p>\n\n\n\n<p>Naprawiamy p\u0142yty g\u0142\u00f3wne w laptopach ACER, ASUS, DELL, LENOVO, SAMSUNG, MSI, SONY VAIO, LG jak r\u00f3wnie\u017c p\u0142yty g\u0142\u00f3wne laptop\u00f3w Apple MacBook. <\/p>\n","protected":false},"excerpt":{"rendered":"<p>Naprawa p\u0142yt g\u0142\u00f3wnych w laptopach P\u0142yta g\u0142\u00f3wna znajduj\u0105ca si\u0119 w naszym laptopie jest jedn\u0105 z najdro\u017cszych element\u00f3w poza matryc\u0105. Niejednokrotnie koszt nowej p\u0142yty u producenta oscyluje si\u0119 w cenie 2\/3 warto\u015bci samego sprz\u0119tu. Wyobra\u017amy sobie, \u017ce posiadamy najnowszego ThinkPada wartego kilka tysi\u0119cy z\u0142otych lub najnowszego Apple Macbook Air, czy op\u0142aca nam si\u0119 wymieni\u0107 p\u0142yt\u0119 g\u0142\u00f3wn\u0105 [&hellip;]<\/p>\n","protected":false},"author":1,"featured_media":0,"parent":0,"menu_order":0,"comment_status":"closed","ping_status":"closed","template":"templates\/page-with-sidebar.php","meta":{"ngg_post_thumbnail":0,"footnotes":""},"class_list":["post-847","page","type-page","status-publish","hentry"],"rttpg_featured_image_url":null,"rttpg_author":{"display_name":"Krzysztof vel Kadulski","author_link":"https:\/\/abclap.pl\/serwislaptopow\/author\/abclap\/"},"rttpg_comment":0,"rttpg_category":null,"rttpg_excerpt":"Naprawa p\u0142yt g\u0142\u00f3wnych w laptopach P\u0142yta g\u0142\u00f3wna znajduj\u0105ca si\u0119 w naszym laptopie jest jedn\u0105 z najdro\u017cszych element\u00f3w poza matryc\u0105. Niejednokrotnie koszt nowej p\u0142yty u producenta oscyluje si\u0119 w cenie 2\/3 warto\u015bci samego sprz\u0119tu. Wyobra\u017amy sobie, \u017ce posiadamy najnowszego ThinkPada wartego kilka tysi\u0119cy z\u0142otych lub najnowszego Apple Macbook Air, czy op\u0142aca nam si\u0119 wymieni\u0107 p\u0142yt\u0119 g\u0142\u00f3wn\u0105&hellip;","_links":{"self":[{"href":"https:\/\/abclap.pl\/serwislaptopow\/wp-json\/wp\/v2\/pages\/847","targetHints":{"allow":["GET"]}}],"collection":[{"href":"https:\/\/abclap.pl\/serwislaptopow\/wp-json\/wp\/v2\/pages"}],"about":[{"href":"https:\/\/abclap.pl\/serwislaptopow\/wp-json\/wp\/v2\/types\/page"}],"author":[{"embeddable":true,"href":"https:\/\/abclap.pl\/serwislaptopow\/wp-json\/wp\/v2\/users\/1"}],"replies":[{"embeddable":true,"href":"https:\/\/abclap.pl\/serwislaptopow\/wp-json\/wp\/v2\/comments?post=847"}],"version-history":[{"count":23,"href":"https:\/\/abclap.pl\/serwislaptopow\/wp-json\/wp\/v2\/pages\/847\/revisions"}],"predecessor-version":[{"id":4208,"href":"https:\/\/abclap.pl\/serwislaptopow\/wp-json\/wp\/v2\/pages\/847\/revisions\/4208"}],"wp:attachment":[{"href":"https:\/\/abclap.pl\/serwislaptopow\/wp-json\/wp\/v2\/media?parent=847"}],"curies":[{"name":"wp","href":"https:\/\/api.w.org\/{rel}","templated":true}]}}