{"id":99,"date":"2021-02-22T20:59:47","date_gmt":"2021-02-22T19:59:47","guid":{"rendered":"https:\/\/abclap.webd.pro\/serwislaptopow\/?page_id=99"},"modified":"2025-01-16T20:37:40","modified_gmt":"2025-01-16T19:37:40","slug":"kontakt","status":"publish","type":"page","link":"https:\/\/abclap.pl\/serwislaptopow\/kontakt\/","title":{"rendered":"Kontakt"},"content":{"rendered":"[vc_row][vc_column width=&#8221;1\/2&#8243; css=&#8221;.vc_custom_1676495266534{padding-top: 25px !important;}&#8221;][vc_separator color=&#8221;black&#8221;][vc_column_text]\n<h4 style=\"text-align: center;\"><strong>Serwis laptop\u00f3w i konsol ABCLAP<\/strong><\/h4>\n<p style=\"text-align: center;\">ul. Trockiego 43,30-394 Krak\u00f3w<br \/>\ntel. 510 213 268, serwis@abclap.pl<br \/>\n<strong>NIP:<\/strong> PL6762280716, <strong>BDO:<\/strong> 000367721<\/p>\n<p style=\"text-align: center;\"><span style=\"color: #0000ff;\">Znajd\u017a nas na FB<\/span>: <a href=\"https:\/\/www.facebook.com\/serwisabclap\/\" target=\"_blank\" rel=\"noopener\">serwisabclap<\/a><\/p>\n<p style=\"text-align: center;\"><strong>Pracujemy:<\/strong> pon-pt: <strong>9-18<\/strong>, sob:<strong> 10-14<\/strong><\/p>\n<p style=\"text-align: center;\">Rzut beretem ze&nbsp;<strong>Skawiny, Sidziny, Skotnik, Kliny, Ruczaj.<\/strong><br \/>\nJe\u015bli masz dalej, warto pokona\u0107 wi\u0119cej km, aby nas odwiedzi\u0107 \ud83d\ude42<\/p>\n[\/vc_column_text][vc_gmaps link=&#8221;#E-8_JTNDaWZyYW1lJTIwc3JjJTNEJTIyaHR0cHMlM0ElMkYlMkZ3d3cuZ29vZ2xlLmNvbSUyRm1hcHMlMkZlbWJlZCUzRnBiJTNEJTIxMW0xNCUyMTFtOCUyMTFtMyUyMTFkMTAyNTguNTA3NTc4NjI1MjMxJTIxMmQxOS44NzEwNjEyJTIxM2Q0OS45OTk2MDQyJTIxM20yJTIxMWkxMDI0JTIxMmk3NjglMjE0ZjEzLjElMjEzbTMlMjExbTIlMjExczB4MCUyNTNBMHg5YjBjODc2NDRmODMzOGMyJTIxMnNBQkNMQVAlMjUyMC0lMjUyMFNrbGVwJTI1MjBrb21wdXRlcm93eSUyNTJDJTI1MjBTZXJ3aXMlMjUyMGxhcHRvcCUyNUMzJTI1QjN3JTI1MjBpJTI1MjBLb25zb2wlMjE1ZTAlMjEzbTIlMjExc3BsJTIxMnNwbCUyMTR2MTY3NjE5OTk5NDQwNCUyMTVtMiUyMTFzcGwlMjEyc3BsJTIyJTIwd2lkdGglM0QlMjI2MDAlMjIlMjBoZWlnaHQlM0QlMjI0NTAlMjIlMjBzdHlsZSUzRCUyMmJvcmRlciUzQTAlM0IlMjIlMjBhbGxvd2Z1bGxzY3JlZW4lM0QlMjIlMjIlMjBsb2FkaW5nJTNEJTIybGF6eSUyMiUyMHJlZmVycmVycG9saWN5JTNEJTIybm8tcmVmZXJyZXItd2hlbi1kb3duZ3JhZGUlMjIlM0UlM0MlMkZpZnJhbWUlM0U=&#8221; css=&#8221;.vc_custom_1676200946997{padding-top: 0px !important;padding-bottom: 0px !important;padding-left: 0px !important;}&#8221;][\/vc_column][vc_column width=&#8221;1\/2&#8243; css=&#8221;.vc_custom_1676495388320{padding-top: 25px !important;}&#8221;][vc_separator color=&#8221;black&#8221;][vc_column_text]\n<h4>Nie b\u00f3j si\u0119 pyta\u0107, to nic nie kosztuje&#8230;<\/h4>\n<p>Zapraszamy serdecznie do kontaktu e-mail lub kontaktu telefonicznego.<br \/>\nCh\u0119tnie odpowiemy na pytania, doradzimy i pomo\u017cemy.[\/vc_column_text]\n<div class=\"wpcf7 no-js\" id=\"wpcf7-f102-o1\" lang=\"pl-PL\" dir=\"ltr\" data-wpcf7-id=\"102\">\n<div class=\"screen-reader-response\"><p role=\"status\" aria-live=\"polite\" aria-atomic=\"true\"><\/p> <ul><\/ul><\/div>\n<form action=\"\/serwislaptopow\/wp-json\/wp\/v2\/pages\/99#wpcf7-f102-o1\" method=\"post\" class=\"wpcf7-form init\" aria-label=\"Formularz kontaktowy\" novalidate=\"novalidate\" data-status=\"init\">\n<fieldset class=\"hidden-fields-container\"><input type=\"hidden\" name=\"_wpcf7\" value=\"102\" \/><input type=\"hidden\" name=\"_wpcf7_version\" value=\"6.1.5\" \/><input type=\"hidden\" name=\"_wpcf7_locale\" value=\"pl_PL\" \/><input type=\"hidden\" name=\"_wpcf7_unit_tag\" value=\"wpcf7-f102-o1\" \/><input type=\"hidden\" name=\"_wpcf7_container_post\" value=\"0\" \/><input type=\"hidden\" name=\"_wpcf7_posted_data_hash\" value=\"\" \/><input type=\"hidden\" name=\"_wpcf7_recaptcha_response\" value=\"\" \/>\n<\/fieldset>\n<p><label> Twoje imi\u0119:<br \/>\n<span class=\"wpcf7-form-control-wrap\" data-name=\"your-name\"><input size=\"40\" maxlength=\"400\" class=\"wpcf7-form-control wpcf7-text wpcf7-validates-as-required\" aria-required=\"true\" aria-invalid=\"false\" value=\"\" type=\"text\" name=\"your-name\" \/><\/span> <\/label>\n<\/p>\n<p><label> Tw\u00f3j e-mail:<br \/>\n<span class=\"wpcf7-form-control-wrap\" data-name=\"your-email\"><input size=\"40\" maxlength=\"400\" class=\"wpcf7-form-control wpcf7-email wpcf7-validates-as-required wpcf7-text wpcf7-validates-as-email\" aria-required=\"true\" aria-invalid=\"false\" value=\"\" type=\"email\" name=\"your-email\" \/><\/span> <\/label>\n<\/p>\n<p><label> Tu wpisz wiadomo\u015b\u0107:<br \/>\n<span class=\"wpcf7-form-control-wrap\" data-name=\"your-message\"><textarea cols=\"40\" rows=\"10\" maxlength=\"2000\" class=\"wpcf7-form-control wpcf7-textarea\" aria-invalid=\"false\" name=\"your-message\"><\/textarea><\/span> <\/label>\n<\/p>\n<p><input class=\"wpcf7-form-control wpcf7-submit has-spinner\" type=\"submit\" value=\"Wy\u015blij\" \/>\n<\/p><div class=\"wpcf7-response-output\" aria-hidden=\"true\"><\/div>\n<\/form>\n<\/div>\n[\/vc_column][\/vc_row][vc_row][vc_column][\/vc_column][\/vc_row][vc_row][vc_column][brtm_info_box][\/brtm_info_box][\/vc_column][\/vc_row]\n","protected":false},"excerpt":{"rendered":"<p>[vc_row][vc_column width=&#8221;1\/2&#8243; css=&#8221;.vc_custom_1676495266534{padding-top: 25px !important;}&#8221;][vc_separator color=&#8221;black&#8221;][vc_column_text] Serwis laptop\u00f3w i konsol ABCLAP ul. Trockiego 43,30-394 Krak\u00f3w tel. 510 213 268, serwis@abclap.pl NIP: PL6762280716, BDO: 000367721 Znajd\u017a nas na FB: serwisabclap Pracujemy: pon-pt: 9-18, sob: 10-14 Rzut beretem ze&nbsp;Skawiny, Sidziny, Skotnik, Kliny, Ruczaj. Je\u015bli masz dalej, warto pokona\u0107 wi\u0119cej km, aby nas odwiedzi\u0107 \ud83d\ude42 [\/vc_column_text][vc_gmaps link=&#8221;#E-8_JTNDaWZyYW1lJTIwc3JjJTNEJTIyaHR0cHMlM0ElMkYlMkZ3d3cuZ29vZ2xlLmNvbSUyRm1hcHMlMkZlbWJlZCUzRnBiJTNEJTIxMW0xNCUyMTFtOCUyMTFtMyUyMTFkMTAyNTguNTA3NTc4NjI1MjMxJTIxMmQxOS44NzEwNjEyJTIxM2Q0OS45OTk2MDQyJTIxM20yJTIxMWkxMDI0JTIxMmk3NjglMjE0ZjEzLjElMjEzbTMlMjExbTIlMjExczB4MCUyNTNBMHg5YjBjODc2NDRmODMzOGMyJTIxMnNBQkNMQVAlMjUyMC0lMjUyMFNrbGVwJTI1MjBrb21wdXRlcm93eSUyNTJDJTI1MjBTZXJ3aXMlMjUyMGxhcHRvcCUyNUMzJTI1QjN3JTI1MjBpJTI1MjBLb25zb2wlMjE1ZTAlMjEzbTIlMjExc3BsJTIxMnNwbCUyMTR2MTY3NjE5OTk5NDQwNCUyMTVtMiUyMTFzcGwlMjEyc3BsJTIyJTIwd2lkdGglM0QlMjI2MDAlMjIlMjBoZWlnaHQlM0QlMjI0NTAlMjIlMjBzdHlsZSUzRCUyMmJvcmRlciUzQTAlM0IlMjIlMjBhbGxvd2Z1bGxzY3JlZW4lM0QlMjIlMjIlMjBsb2FkaW5nJTNEJTIybGF6eSUyMiUyMHJlZmVycmVycG9saWN5JTNEJTIybm8tcmVmZXJyZXItd2hlbi1kb3duZ3JhZGUlMjIlM0UlM0MlMkZpZnJhbWUlM0U=&#8221; css=&#8221;.vc_custom_1676200946997{padding-top: [&hellip;]<\/p>\n","protected":false},"author":1,"featured_media":0,"parent":0,"menu_order":0,"comment_status":"closed","ping_status":"closed","template":"","meta":{"ngg_post_thumbnail":0,"slim_seo":{"title":"Kontakt - ABCLAP Serwis Laptop&oacute;w i Konsol w Krakowie","description":"[vc_row][vc_column width=\"1\/2\" css=\".vc_custom_1676495266534{padding-top: 25px !important;}\"][vc_separator color=\"black\"][vc_column_text] Serwis laptop\u00f3w i kons"},"footnotes":""},"class_list":["post-99","page","type-page","status-publish","hentry"],"rttpg_featured_image_url":null,"rttpg_author":{"display_name":"Krzysztof vel Kadulski","author_link":"https:\/\/abclap.pl\/serwislaptopow\/author\/abclap\/"},"rttpg_comment":0,"rttpg_category":null,"rttpg_excerpt":"[vc_row][vc_column width=&#8221;1\/2&#8243; css=&#8221;.vc_custom_1676495266534{padding-top: 25px !important;}&#8221;][vc_separator color=&#8221;black&#8221;][vc_column_text] Serwis laptop\u00f3w i konsol ABCLAP ul. Trockiego 43,30-394 Krak\u00f3w tel. 510 213 268, serwis@abclap.pl NIP: PL6762280716, BDO: 000367721 Znajd\u017a nas na FB: serwisabclap Pracujemy: pon-pt: 9-18, sob: 10-14 Rzut beretem ze&nbsp;Skawiny, Sidziny, Skotnik, Kliny, Ruczaj. Je\u015bli masz dalej, warto pokona\u0107 wi\u0119cej km, aby nas odwiedzi\u0107 \ud83d\ude42 [\/vc_column_text][vc_gmaps link=&#8221;#E-8_JTNDaWZyYW1lJTIwc3JjJTNEJTIyaHR0cHMlM0ElMkYlMkZ3d3cuZ29vZ2xlLmNvbSUyRm1hcHMlMkZlbWJlZCUzRnBiJTNEJTIxMW0xNCUyMTFtOCUyMTFtMyUyMTFkMTAyNTguNTA3NTc4NjI1MjMxJTIxMmQxOS44NzEwNjEyJTIxM2Q0OS45OTk2MDQyJTIxM20yJTIxMWkxMDI0JTIxMmk3NjglMjE0ZjEzLjElMjEzbTMlMjExbTIlMjExczB4MCUyNTNBMHg5YjBjODc2NDRmODMzOGMyJTIxMnNBQkNMQVAlMjUyMC0lMjUyMFNrbGVwJTI1MjBrb21wdXRlcm93eSUyNTJDJTI1MjBTZXJ3aXMlMjUyMGxhcHRvcCUyNUMzJTI1QjN3JTI1MjBpJTI1MjBLb25zb2wlMjE1ZTAlMjEzbTIlMjExc3BsJTIxMnNwbCUyMTR2MTY3NjE5OTk5NDQwNCUyMTVtMiUyMTFzcGwlMjEyc3BsJTIyJTIwd2lkdGglM0QlMjI2MDAlMjIlMjBoZWlnaHQlM0QlMjI0NTAlMjIlMjBzdHlsZSUzRCUyMmJvcmRlciUzQTAlM0IlMjIlMjBhbGxvd2Z1bGxzY3JlZW4lM0QlMjIlMjIlMjBsb2FkaW5nJTNEJTIybGF6eSUyMiUyMHJlZmVycmVycG9saWN5JTNEJTIybm8tcmVmZXJyZXItd2hlbi1kb3duZ3JhZGUlMjIlM0UlM0MlMkZpZnJhbWUlM0U=&#8221; css=&#8221;.vc_custom_1676200946997{padding-top:&hellip;","_links":{"self":[{"href":"https:\/\/abclap.pl\/serwislaptopow\/wp-json\/wp\/v2\/pages\/99","targetHints":{"allow":["GET"]}}],"collection":[{"href":"https:\/\/abclap.pl\/serwislaptopow\/wp-json\/wp\/v2\/pages"}],"about":[{"href":"https:\/\/abclap.pl\/serwislaptopow\/wp-json\/wp\/v2\/types\/page"}],"author":[{"embeddable":true,"href":"https:\/\/abclap.pl\/serwislaptopow\/wp-json\/wp\/v2\/users\/1"}],"replies":[{"embeddable":true,"href":"https:\/\/abclap.pl\/serwislaptopow\/wp-json\/wp\/v2\/comments?post=99"}],"version-history":[{"count":29,"href":"https:\/\/abclap.pl\/serwislaptopow\/wp-json\/wp\/v2\/pages\/99\/revisions"}],"predecessor-version":[{"id":2358,"href":"https:\/\/abclap.pl\/serwislaptopow\/wp-json\/wp\/v2\/pages\/99\/revisions\/2358"}],"wp:attachment":[{"href":"https:\/\/abclap.pl\/serwislaptopow\/wp-json\/wp\/v2\/media?parent=99"}],"curies":[{"name":"wp","href":"https:\/\/api.w.org\/{rel}","templated":true}]}}